{"id":103468,"date":"2022-03-10T13:03:39","date_gmt":"2022-03-10T13:03:39","guid":{"rendered":"https:\/\/www.spaincer.com\/fr\/?page_id=103468"},"modified":"2024-10-29T07:51:35","modified_gmt":"2024-10-29T07:51:35","slug":"espace-client","status":"publish","type":"page","link":"https:\/\/www.spaincer.com\/fr\/espace-client\/","title":{"rendered":"Espace client"},"content":{"rendered":"<p>[vc_row row_height_percent=\u00a0\u00bb0&Prime; override_padding=\u00a0\u00bbyes\u00a0\u00bb h_padding=\u00a0\u00bb2&Prime; top_padding=\u00a0\u00bb4&Prime; bottom_padding=\u00a0\u00bb4&Prime; overlay_alpha=\u00a0\u00bb100&Prime; gutter_size=\u00a0\u00bb100&Prime; column_width_percent=\u00a0\u00bb100&Prime; shift_y=\u00a0\u00bb0&Prime; z_index=\u00a0\u00bb0&Prime; style=\u00a0\u00bbinherited\u00a0\u00bb uncode_shortcode_id=\u00a0\u00bb176238&Prime;][vc_column column_width_percent=\u00a0\u00bb100&Prime; position_horizontal=\u00a0\u00bbleft\u00a0\u00bb gutter_size=\u00a0\u00bb4&Prime; back_color=\u00a0\u00bbcolor-lxmt\u00a0\u00bb overlay_alpha=\u00a0\u00bb100&Prime; shift_x=\u00a0\u00bb0&Prime; shift_y=\u00a0\u00bb0&Prime; shift_y_down=\u00a0\u00bb0&Prime; z_index=\u00a0\u00bb0&Prime; medium_width=\u00a0\u00bb100&Prime; mobile_width=\u00a0\u00bb0&Prime; radius=\u00a0\u00bbstd\u00a0\u00bb zoom_width=\u00a0\u00bb0&Prime; zoom_height=\u00a0\u00bb0&Prime; width=\u00a0\u00bb1\/2&Prime; uncode_shortcode_id=\u00a0\u00bb208751&Prime; back_color_type=\u00a0\u00bbuncode-palette\u00a0\u00bb][vc_custom_heading heading_semantic=\u00a0\u00bbh1&Prime; text_size=\u00a0\u00bbh1&Prime; text_space=\u00a0\u00bbfontspace-111509&Prime; sub_lead=\u00a0\u00bbyes\u00a0\u00bb sub_reduced=\u00a0\u00bbyes\u00a0\u00bb text_align=\u00a0\u00bbtext-center\u00a0\u00bb uncode_shortcode_id=\u00a0\u00bb169904&Prime;]Login[\/vc_custom_heading][vc_column_text css=\u00a0\u00bb.vc_custom_1730188287895{margin-top: 10px !important;}\u00a0\u00bb uncode_shortcode_id=\u00a0\u00bb169428&Prime;]<div class=\"cleanlogin-container\">\n\n\t<form class=\"cleanlogin-form\" method=\"post\" action=\"https:\/\/www.spaincer.com\/fr\/espace-client\/\">\n\t\t\n\t\t<input type=\"hidden\" name=\"redirect_outlet_module\" value=\"\">\n\n\t\t<fieldset>\n\t\t\t<div class=\"cleanlogin-field\">\n\t\t\t\t<input class=\"cleanlogin-field-username\" type=\"text\" name=\"log\" placeholder=\"Identifiant\">\n\t\t\t<\/div>\n\n\t\t\t<div class=\"cleanlogin-field\">\n\t\t\t\t<input class=\"cleanlogin-field-password\" type=\"password\" name=\"pwd\" placeholder=\"Mot de passe\">\n\t\t\t<\/div>\n\t\t<\/fieldset>\n\n\t\t<fieldset>\n\t\t\t<input class=\"cleanlogin-field\" type=\"submit\" value=\"Connexion\" name=\"submit\">\n\t\t\t<input type=\"hidden\" name=\"action\" value=\"login\">\n\n\t\t\t<div class=\"cleanlogin-field cleanlogin-field-remember\">\n\t\t\t\t<input type=\"checkbox\" name=\"rememberme\" value=\"forever\">\n\t\t\t\t<label>Se souvenir de moi ?<\/label>\n\t\t\t<\/div>\n\t\t<\/fieldset>\n\n\t\t        <input type=\"hidden\" name=\"token\" value=\"\">\n        <div class=\"cleanlogin-form-bottom\">\n\n\t\t\t<a href='https:\/\/www.spaincer.com\/fr\/espace-client\/' class='cleanlogin-form-pwd-link'>Mot de passe perdu ?<\/a>\n\t\t\t<a href='https:\/\/www.spaincer.com\/fr\/espace-client\/' class='cleanlogin-form-register-link'>Inscription<\/a>\n\t\t<\/div>\n\n\t<\/form>\n\n<\/div>\n<p>Vous avez perdu votre mot de passe?<\/p>\n<p>\n<!--<div class=\"cleanlogin-container\">\n\t<form class=\"cleanlogin-form\" method=\"post\" action=\"#\">\n\n\t\t<fieldset>\n\t\t\n\t\t\t<div class=\"cleanlogin-field\">\n\t\t\t\t<input class=\"cleanlogin-field-username\" type=\"text\" name=\"username\" value=\"\" placeholder=\"\">\n\t\t\t<\/div>\n\n\t\t\t<div class=\"cleanlogin-field-website\">\n\t\t\t\t<label for='website'>Website<\/label>\n\t    \t\t<input type='text' name='website' value=\".\">\n\t    \t<\/div>\n\t\t\n\t\t<\/fieldset>\n\t\t\n\t\t<div>\t\n\t\t\t<input type=\"submit\" value=\"\" name=\"submit\">\n\t\t\t<input type=\"hidden\" name=\"action\" value=\"restore\">\t\t\n\t\t<\/div>\n\n\t<\/form>\n<\/div>-->\n\n<div class=\"restore_pass\">\n    <div class=\"error hidden\" >\n        El nombre de usuario no es correcto    <\/div>\n    <div class=\"success hidden\" >\n        Recibir\u00e1 un correo electr\u00f3nico con el enlace de activaci\u00f3n    <\/div>\n    <div class=\"cleanlogin-container\">\n        <form id=\"api_reset_password\" class=\"cleanlogin-form\">\n            <input class=\"cleanlogin-field-username\" name=\"username\" type=\"text\" value=\"\" placeholder=\"Usuario (o correo electr\u00f3nico)\" \/>\n            <input class=\"full-width\" name=\"submit\" type=\"submit\" value=\"Recuperar contrase\u00f1a\" \/>\n        <\/form>\n    <\/div>\n<\/div>[\/vc_column_text][\/vc_column][vc_column column_width_percent=\u00a0\u00bb100&Prime; gutter_size=\u00a0\u00bb3&Prime; expand_height=\u00a0\u00bbyes\u00a0\u00bb back_color=\u00a0\u00bbcolor-634821&Prime; overlay_alpha=\u00a0\u00bb50&Prime; shift_x=\u00a0\u00bb0&Prime; shift_y=\u00a0\u00bb0&Prime; shift_y_down=\u00a0\u00bb0&Prime; z_index=\u00a0\u00bb0&Prime; medium_width=\u00a0\u00bb0&Prime; mobile_width=\u00a0\u00bb0&Prime; radius=\u00a0\u00bbstd\u00a0\u00bb width=\u00a0\u00bb1\/2&Prime; uncode_shortcode_id=\u00a0\u00bb167886&Prime; back_color_type=\u00a0\u00bbuncode-palette\u00a0\u00bb][vc_custom_heading heading_semantic=\u00a0\u00bbh1&Prime; text_size=\u00a0\u00bbh1&Prime; text_space=\u00a0\u00bbfontspace-111509&Prime; sub_lead=\u00a0\u00bbyes\u00a0\u00bb sub_reduced=\u00a0\u00bbyes\u00a0\u00bb text_align=\u00a0\u00bbtext-center\u00a0\u00bb uncode_shortcode_id=\u00a0\u00bb169438&Prime;]Registre[\/vc_custom_heading][vc_column_text css=\u00a0\u00bb.vc_custom_1729597461703{margin-top: 10px !important;}\u00a0\u00bb uncode_shortcode_id=\u00a0\u00bb388973&Prime;]\n<div class=\"cleanlogin-container cleanlogin-full-width\">\n\t<form class=\"cleanlogin-form\" method=\"post\" action=\"#\">\n\t\t<fieldset>\n\t\t\t\t\t\t\t<div class=\"cleanlogin-field\">\n\t\t\t\t\t<input class=\"cleanlogin-field-name\" type=\"text\" name=\"first_name\" value=\"\" placeholder=\"Pr\u00e9nom*\">\n\t\t\t\t<\/div>\n\t\t\t\t<div class=\"cleanlogin-field\">\n\t\t\t\t\t<input class=\"cleanlogin-field-surname\" type=\"text\" name=\"last_name\" value=\"\" placeholder=\"Nom*\">\n\t\t\t\t<\/div>\n\t\t\t\t\t\t\n\t\t\t\t\t\t\n\t\t\t<div class=\"cleanlogin-field\">\n\t\t\t\t<input class=\"cleanlogin-field-email\" type=\"email\" name=\"email\" value=\"\" placeholder=\"Email*\">\n\t\t\t<\/div>\n\n\t\t\t<div class=\"cleanlogin-field-website\">\n\t\t\t\t<label for='website'>Website<\/label>\n\t\t\t\t<input type='text' name='website' value=\".\">\n\t\t\t<\/div>\n\n\t\t\t<div class=\"cleanlogin-field\">\n\t\t\t\t<input class=\"cleanlogin-field-password\" type=\"password\" name=\"pass1\" value=\"\" autocomplete=\"off\" placeholder=\"Nouveau mot de passe\">\n\t\t\t<\/div>\n\n\t\t\t\t\t\t\t<div class=\"cleanlogin-field\">\n\t\t\t\t\t<input class=\"cleanlogin-field-password\" type=\"password\" name=\"pass2\" value=\"\" autocomplete=\"off\" placeholder=\"Confirmer le mot de passe\">\n\t\t\t\t<\/div>\n\t\t\t                        \t\t<div class=\"cleanlogin-field\">\n                \t\t<input type=\"text\" class=\"cleanlogin-field-commercial-company\" name=\"company_name\" autocomplete=\"Company\" placeholder=\"Company*\" value=\"\"\/>\n            \t\t<\/div>\n                                            <div class=\"cleanlogin-field\">\n                \t\t<input type=\"text\" class=\"cleanlogin-field-commercial-name\" name=\"commercial_name\" autocomplete=\"Commercial name\" placeholder=\"Commercial Name\" value=\"\"\/>\n            \t\t<\/div>\n                                            <div class=\"cleanlogin-field\">\n                \t\t<input type=\"email\" class=\"cleanlogin-field-commercial-email\" name=\"commercial_email\" autocomplete=\"Commercial email\" placeholder=\"Commercial Email\" value=\"\"\/>\n            \t\t<\/div>\n            \n            \n            \t\t\t\t\t\t\t<script src=\"https:\/\/www.google.com\/recaptcha\/api.js\" async defer><\/script>\r\n\t\t\t\t<div class=\"cleanlogin-field\">\n\t\t\t\t\t<div class=\"g-recaptcha\" data-sitekey=\"6LcmrRorAAAAAGpTwYCJJIZf5Ra70lPXb8HXSPH9\"><\/div>\n\t\t\t\t<\/div>\n\t\t\t\t\t\t\t\t\t\t\t\t\t\t<input type=\"text\" name=\"role\" value=\"cliente\" hidden >\n\t\t\t\t\t\t\t\n\t\t\t\t\t\t\t<div class=\"cleanlogin-field\">\n\n                    <label class=\"cleanlogin-terms\">\n                        <input name=\"termsconditions\" type=\"checkbox\" id=\"termsconditions\">\n                       J'ai lu et j'accepte la politique de confidentialit\u00e9                    <\/label>\n\n\n\t\t\t\t<\/div>\n                <div class=\"cleanlogin-field\">\n                    <label class=\"cleanlogin-terms\">\n                        <input name=\"commercial_info\" type=\"checkbox\" id=\"commercial_info\" value=\"true\">\n                        J'accepte de recevoir des informations commerciales                    <\/label>\n                <\/div>\n\t\t\t\n\n           <!-- <div class=\"cleanlogin-field\">\n                <input type=\"text\" class=\"cleanlogin-field-commercial-name\" name=\"commercial_name\" autocomplete=\"Commercial name\" placeholder=\"Commercial Name\" value=\"\"\/>\n            <\/div>\n            <div class=\"cleanlogin-field\">\n                <input type=\"email\" class=\"cleanlogin-field-commercial-email\" name=\"commercial_email\" autocomplete=\"Commercial email\" placeholder=\"Commercial Email\" value=\"\"\/>\n            <\/div>-->\n\n\n        <\/fieldset>\n\n\t\t<div>\n\t\t\t<input type=\"submit\" value=\"Inscription\" name=\"btn-submit\" onclick=\"this.form.submit(); this.disabled = true;\">\n\t\t\t<input type=\"hidden\" name=\"action\" value=\"register\">\n\t\t<\/div>\n\n\t<\/form>\n<\/div>\n[\/vc_column_text][\/vc_column][\/vc_row][vc_row][vc_column width=\u00a0\u00bb1\/1&Prime;][\/vc_column][\/vc_row]<\/p>\n","protected":false},"excerpt":{"rendered":"<p>[vc_row row_height_percent=\u00a0\u00bb0&Prime; override_padding=\u00a0\u00bbyes\u00a0\u00bb h_padding=\u00a0\u00bb2&Prime; top_padding=\u00a0\u00bb4&Prime; bottom_padding=\u00a0\u00bb4&Prime; overlay_alpha=\u00a0\u00bb100&Prime; gutter_size=\u00a0\u00bb100&Prime; column_width_percent=\u00a0\u00bb100&Prime; shift_y=\u00a0\u00bb0&Prime; z_index=\u00a0\u00bb0&Prime; style=\u00a0\u00bbinherited\u00a0\u00bb uncode_shortcode_id=\u00a0\u00bb176238&Prime;][vc_column column_width_percent=\u00a0\u00bb100&Prime; position_horizontal=\u00a0\u00bbleft\u00a0\u00bb gutter_size=\u00a0\u00bb4&Prime; back_color=\u00a0\u00bbcolor-lxmt\u00a0\u00bb overlay_alpha=\u00a0\u00bb100&Prime; shift_x=\u00a0\u00bb0&Prime; shift_y=\u00a0\u00bb0&Prime; [&hellip;]<\/p>\n","protected":false},"author":1,"featured_media":0,"parent":0,"menu_order":0,"comment_status":"closed","ping_status":"closed","template":"","meta":[],"_links":{"self":[{"href":"https:\/\/www.spaincer.com\/fr\/wp-json\/wp\/v2\/pages\/103468"}],"collection":[{"href":"https:\/\/www.spaincer.com\/fr\/wp-json\/wp\/v2\/pages"}],"about":[{"href":"https:\/\/www.spaincer.com\/fr\/wp-json\/wp\/v2\/types\/page"}],"author":[{"embeddable":true,"href":"https:\/\/www.spaincer.com\/fr\/wp-json\/wp\/v2\/users\/1"}],"replies":[{"embeddable":true,"href":"https:\/\/www.spaincer.com\/fr\/wp-json\/wp\/v2\/comments?post=103468"}],"version-history":[{"count":4,"href":"https:\/\/www.spaincer.com\/fr\/wp-json\/wp\/v2\/pages\/103468\/revisions"}],"predecessor-version":[{"id":143597,"href":"https:\/\/www.spaincer.com\/fr\/wp-json\/wp\/v2\/pages\/103468\/revisions\/143597"}],"wp:attachment":[{"href":"https:\/\/www.spaincer.com\/fr\/wp-json\/wp\/v2\/media?parent=103468"}],"curies":[{"name":"wp","href":"https:\/\/api.w.org\/{rel}","templated":true}]}}