{"id":3,"date":"2022-03-03T16:25:23","date_gmt":"2022-03-03T16:25:23","guid":{"rendered":"https:\/\/www.spaincer.com\/en\/?page_id=3"},"modified":"2022-03-29T11:37:36","modified_gmt":"2022-03-29T11:37:36","slug":"privacy-policy","status":"publish","type":"page","link":"https:\/\/www.spaincer.com\/en\/privacy-policy\/","title":{"rendered":"Privacy Policy"},"content":{"rendered":"<p>[vc_row][vc_column][vc_column_text]<\/p>\n<div>\n<div>[\/vc_column_text][\/vc_column][\/vc_row][vc_row][vc_column width=&#8221;1\/1&#8243;][vc_custom_heading uncode_shortcode_id=&#8221;169226&#8243;]DATA PROTECTION INFORMATION[\/vc_custom_heading][\/vc_column][\/vc_row][vc_row][vc_column width=&#8221;1\/1&#8243;][vc_accordion active_tab=&#8221;1&#8243;][vc_accordion_tab gutter_size=&#8221;2&#8243; column_padding=&#8221;2&#8243; title=&#8221;Data related to the Responsible&#8221; tab_id=&#8221;1590394928-1-67fc9c-0140&#8243;][vc_custom_heading heading_semantic=&#8221;h3&#8243; text_size=&#8221;h4&#8243; sub_reduced=&#8221;yes&#8221; subheading=&#8221;Company: SPAINCER COMERCIALIZADORA, SL. \u2013 B12526901<\/div>\n<div>Address: SPAINCER COMERCIALIZADORA, SL.<\/div>\n<div>\n<p>Contact: spaincer.com \u2013 +34 964 32 92 61&#8243; uncode_shortcode_id=&#8221;141210&#8243; text_color_type=&#8221;uncode-palette&#8221; text_color_solid=&#8221;#ff0000&#8243;]Responsible for Treatment[\/vc_custom_heading][\/vc_accordion_tab][vc_accordion_tab gutter_size=&#8221;2&#8243; column_padding=&#8221;2&#8243; title=&#8221;Purposes&#8221; tab_id=&#8221;1590394928-2-97fc9c-0140&#8243;][vc_custom_heading heading_semantic=&#8221;h3&#8243; text_size=&#8221;h4&#8243; subheading=&#8221;In compliance with the provisions of the European Regulation 2016\/679 General Data Protection Regulation, we inform you that, depending on the relationship you have with us, in SPAINCER COMERCIALIZADORA, SL. we treat the data you provide for any, or all, of the following purposes:&#8221; uncode_shortcode_id=&#8221;986818&#8243;][\/vc_custom_heading][vc_row_inner][vc_column_inner column_width_percent=&#8221;90&#8243; gutter_size=&#8221;3&#8243; overlay_alpha=&#8221;50&#8243; shift_x=&#8221;0&#8243; shift_y=&#8221;0&#8243; shift_y_down=&#8221;0&#8243; z_index=&#8221;0&#8243; medium_width=&#8221;0&#8243; mobile_width=&#8221;0&#8243; width=&#8221;1\/1&#8243;][vc_column_text uncode_shortcode_id=&#8221;137652&#8243;]<\/p>\n<p>Collection of relevant fees<br \/>\nPurchase\/sale of goods and services.<br \/>\nPurchase\/sale of material<br \/>\nCreation of contracts, payroll and other related tasks.<br \/>\nSending commercial information of the entity by mail, email or other.<br \/>\nCommercial information by means of e-mails from the MailChimp platform, without the Responsible being able to ensure proper security measures and adequate treatment to the RGPD of the platform itself.<br \/>\nInformation from Cookies.<br \/>\nMaintenance of the employment relationship and consideration for work performed.<br \/>\nTo provide a service.<br \/>\nPayment by means of TPV.<br \/>\nMaking purchases through the virtual store on the website\/platform.<br \/>\nPlacing orders.<br \/>\nUse of data derived from the activities of the company.<\/p>\n<div><\/div>\n<p>[\/vc_column_text][\/vc_column_inner][\/vc_row_inner][\/vc_accordion_tab][vc_accordion_tab gutter_size=&#8221;2&#8243; column_padding=&#8221;2&#8243; title=&#8221;Data retention period&#8221; tab_id=&#8221;1590396078023-2-1fc9c-0140&#8243;][vc_custom_heading heading_semantic=&#8221;h3&#8243; text_size=&#8221;h4&#8243; sub_reduced=&#8221;yes&#8221; subheading=&#8221;Your data will be kept for the duration of the contractual, commercial or other relationship with our company, request its deletion, as well as the time necessary to comply with legal obligations.<\/p>\n<p>You guarantee the authenticity and timeliness of all data you provide to SPAINCER COMERCIALIZADORA, SL. and shall be solely responsible for any false or inaccurate statements made.<\/p>\n<p>You expressly agree to make appropriate use of the contents and services of SPAINCER COMERCIALIZADORA, SL. and not to use them for, among others:&#8221; uncode_shortcode_id=&#8221;711735&#8243; text_color_type=&#8221;uncode-palette&#8221; text_color_solid=&#8221;#ff0000&#8243;][\/vc_custom_heading][\/vc_accordion_tab][vc_accordion_tab gutter_size=&#8221;2&#8243; column_padding=&#8221;2&#8243; title=&#8221;Legitimation&#8221; tab_id=&#8221;1590396273114-3-0fc9c-0140&#8243;][vc_custom_heading heading_semantic=&#8221;h3&#8243; text_size=&#8221;h4&#8243; sub_reduced=&#8221;yes&#8221; subheading=&#8221;The legal basis for the processing of your data lies in:&#8221; uncode_shortcode_id=&#8221;269042&#8243;][\/vc_custom_heading][vc_row_inner][vc_column_inner column_width_percent=&#8221;90&#8243; gutter_size=&#8221;3&#8243; overlay_alpha=&#8221;50&#8243; shift_x=&#8221;0&#8243; shift_y=&#8221;0&#8243; shift_y_down=&#8221;0&#8243; z_index=&#8221;0&#8243; medium_width=&#8221;0&#8243; mobile_width=&#8221;0&#8243; width=&#8221;1\/1&#8243;][vc_column_text uncode_shortcode_id=&#8221;104632&#8243;]<\/p>\n<p>Unequivocal consent.<br \/>\nExecution of a contract.<br \/>\nIn the public interest.<\/p>\n<div><\/div>\n<p>[\/vc_column_text][\/vc_column_inner][\/vc_row_inner][\/vc_accordion_tab][vc_accordion_tab gutter_size=&#8221;2&#8243; column_padding=&#8221;2&#8243; title=&#8221;Addressees&#8221; tab_id=&#8221;1590397178540-4-4fc9c-0140&#8243;][vc_custom_heading heading_semantic=&#8221;h3&#8243; text_size=&#8221;h4&#8243; sub_reduced=&#8221;yes&#8221; subheading=&#8221;Your personal data will be communicated to third parties in the following cases:&#8221; uncode_shortcode_id=&#8221;140189&#8243;][\/vc_custom_heading][vc_row_inner][vc_column_inner column_width_percent=&#8221;90&#8243; gutter_size=&#8221;3&#8243; overlay_alpha=&#8221;50&#8243; shift_x=&#8221;0&#8243; shift_y=&#8221;0&#8243; shift_y_down=&#8221;0&#8243; z_index=&#8221;0&#8243; medium_width=&#8221;0&#8243; mobile_width=&#8221;0&#8243; width=&#8221;1\/1&#8243;][vc_column_text uncode_shortcode_id=&#8221;164762&#8243;]<\/p>\n<p>Consulting\/Audit Entities.<br \/>\nManagement\/Advisory.<br \/>\nOccupational Risk Prevention Service.<br \/>\nThird parties.<\/p>\n<div><\/div>\n<p>[\/vc_column_text][\/vc_column_inner][\/vc_row_inner][\/vc_accordion_tab][vc_accordion_tab gutter_size=&#8221;2&#8243; column_padding=&#8221;2&#8243; title=&#8221;Rights&#8221; tab_id=&#8221;1590397264119-5-10fc9c-0140&#8243;][vc_custom_heading heading_semantic=&#8221;h3&#8243; text_size=&#8221;h4&#8243; sub_reduced=&#8221;yes&#8221; subheading=&#8221;Tiene derecho a obtener confirmaci\u00f3n sobre si en SPAINCER COMERCIALIZADORA, SL. estamos tratando datos personales que le conciernan, o no.<\/p>\n<p>You also have the right to access your personal data, as well as to request the rectification of inaccurate data or, where appropriate, request their deletion when, among other reasons, the data are no longer necessary for the purposes for which they were collected.<\/p>\n<p>In certain circumstances, you may request the limitation of the processing of your data, in which case we will only keep them for the exercise or defense of claims.<\/p>\n<div>\n<p>Adicionalmente, en determinadas circunstancias y por motivos relacionados con tu situaci\u00f3n particular, podr\u00e1 ejercer el derecho de oposici\u00f3n al tratamiento de sus datos. SPAINCER COMERCIALIZADORA, SL. dejar\u00e1 de tratar los datos, salvo por motivos leg\u00edtimos imperiosos, o el ejercicio o la defensa de posibles reclamaciones.<\/p>\n<p>Likewise, you may exercise the right to data portability, as well as withdraw the consents provided at any time, without affecting the lawfulness of the processing based on the consent prior to its withdrawal.<\/p>\n<p>If you wish to exercise any of your rights described below, you may do so by writing to spaincer.com.&#8221; uncode_shortcode_id=&#8221;509712&#8243; text_color_type=&#8221;uncode-palette&#8221; text_color_solid=&#8221;#ff0000&#8243;][\/vc_custom_heading][vc_row_inner][vc_column_inner column_width_percent=&#8221;90&#8243; gutter_size=&#8221;3&#8243; overlay_alpha=&#8221;50&#8243; shift_x=&#8221;0&#8243; shift_y=&#8221;0&#8243; shift_y_down=&#8221;0&#8243; z_index=&#8221;0&#8243; medium_width=&#8221;0&#8243; mobile_width=&#8221;0&#8243; width=&#8221;1\/1&#8243;][vc_column_text uncode_shortcode_id=&#8221;179076&#8243;]<\/p>\n<p>To exercise your right of access.<br \/>\nTo exercise your right of rectification.<br \/>\nTo exercise your right of Deletion (Forgetting).<br \/>\nTo exercise your right of Limitation of Processing.<br \/>\nTo exercise your right of Opposition.<br \/>\nTo exercise your right of portability.<\/p>\n<div><\/div>\n<p>[\/vc_column_text][\/vc_column_inner][\/vc_row_inner][vc_custom_heading heading_semantic=&#8221;h3&#8243; text_size=&#8221;h4&#8243; sub_reduced=&#8221;yes&#8221; subheading=&#8221;Alternativamente, tambi\u00e9n puede dirigirse a nosotros mediante correo postal a la siguiente direcci\u00f3n: DOMICILIO adjuntado una fotocopia del DNI, para la certeza de su identidad. Remember to provide as much information as possible about your request: Name and surname, email address you use for the account or portal object of your request.<\/p>\n<p>Finally, we inform you that you can contact the Spanish Data Protection Agency and other competent public bodies for any claim arising from the processing of your personal data.&#8221; uncode_shortcode_id=&#8221;881617&#8243; text_color_type=&#8221;uncode-palette&#8221; text_color_solid=&#8221;#ff0000&#8243;][\/vc_custom_heading][\/vc_accordion_tab][vc_accordion_tab gutter_size=&#8221;2&#8243; column_padding=&#8221;2&#8243; title=&#8221;Cookie Policy&#8221; tab_id=&#8221;1590473273054-6-10&#8243;][vc_custom_heading heading_semantic=&#8221;h3&#8243; text_size=&#8221;h4&#8243; sub_reduced=&#8221;yes&#8221; subheading=&#8221;To learn about the cookies we use on our site, remember that you can access our Cookies Policy through the following link cookies policy.&#8221; uncode_shortcode_id=&#8221;180424&#8243;][\/vc_custom_heading][\/vc_accordion_tab][\/vc_accordion][\/vc_column][\/vc_row][vc_row][vc_column][vc_column_text]<\/p>\n<\/div>\n<p>&nbsp;<\/p>\n<div>\n<p>[\/vc_column_text][\/vc_column][\/vc_row]<\/p>\n<\/div>\n<\/div>\n<\/div>\n","protected":false},"excerpt":{"rendered":"<p>[vc_row][vc_column][vc_column_text] [\/vc_column_text][\/vc_column][\/vc_row][vc_row][vc_column width=&#8221;1\/1&#8243;][vc_custom_heading uncode_shortcode_id=&#8221;169226&#8243;]DATA PROTECTION INFORMATION[\/vc_custom_heading][\/vc_column][\/vc_row][vc_row][vc_column width=&#8221;1\/1&#8243;][vc_accordion active_tab=&#8221;1&#8243;][vc_accordion_tab gutter_size=&#8221;2&#8243; column_padding=&#8221;2&#8243; title=&#8221;Data related to the Responsible&#8221; tab_id=&#8221;1590394928-1-67fc9c-0140&#8243;][vc_custom_heading heading_semantic=&#8221;h3&#8243; text_size=&#8221;h4&#8243; sub_reduced=&#8221;yes&#8221; subheading=&#8221;Company: [&hellip;]<\/p>\n","protected":false},"author":1,"featured_media":0,"parent":0,"menu_order":0,"comment_status":"closed","ping_status":"closed","template":"","meta":[],"_links":{"self":[{"href":"https:\/\/www.spaincer.com\/en\/wp-json\/wp\/v2\/pages\/3"}],"collection":[{"href":"https:\/\/www.spaincer.com\/en\/wp-json\/wp\/v2\/pages"}],"about":[{"href":"https:\/\/www.spaincer.com\/en\/wp-json\/wp\/v2\/types\/page"}],"author":[{"embeddable":true,"href":"https:\/\/www.spaincer.com\/en\/wp-json\/wp\/v2\/users\/1"}],"replies":[{"embeddable":true,"href":"https:\/\/www.spaincer.com\/en\/wp-json\/wp\/v2\/comments?post=3"}],"version-history":[{"count":0,"href":"https:\/\/www.spaincer.com\/en\/wp-json\/wp\/v2\/pages\/3\/revisions"}],"wp:attachment":[{"href":"https:\/\/www.spaincer.com\/en\/wp-json\/wp\/v2\/media?parent=3"}],"curies":[{"name":"wp","href":"https:\/\/api.w.org\/{rel}","templated":true}]}}