{"id":103468,"date":"2022-03-10T13:03:39","date_gmt":"2022-03-10T13:03:39","guid":{"rendered":"https:\/\/www.spaincer.com\/en\/?page_id=103468"},"modified":"2024-10-29T07:51:06","modified_gmt":"2024-10-29T07:51:06","slug":"private-area","status":"publish","type":"page","link":"https:\/\/www.spaincer.com\/en\/private-area\/","title":{"rendered":"Private area"},"content":{"rendered":"<p>[vc_row row_height_percent=&#8221;0&#8243; override_padding=&#8221;yes&#8221; h_padding=&#8221;2&#8243; top_padding=&#8221;2&#8243; bottom_padding=&#8221;1&#8243; overlay_alpha=&#8221;100&#8243; gutter_size=&#8221;100&#8243; column_width_percent=&#8221;100&#8243; shift_y=&#8221;0&#8243; z_index=&#8221;0&#8243; style=&#8221;inherited&#8221; uncode_shortcode_id=&#8221;198527&#8243;][vc_column column_width_percent=&#8221;100&#8243; position_horizontal=&#8221;left&#8221; gutter_size=&#8221;2&#8243; overlay_alpha=&#8221;100&#8243; shift_x=&#8221;0&#8243; shift_y=&#8221;0&#8243; shift_y_down=&#8221;0&#8243; z_index=&#8221;0&#8243; medium_width=&#8221;100&#8243; mobile_width=&#8221;0&#8243; zoom_width=&#8221;0&#8243; zoom_height=&#8221;0&#8243; width=&#8221;1\/1&#8243; uncode_shortcode_id=&#8221;620870&#8243;][vc_custom_heading heading_semantic=&#8221;h1&#8243; text_size=&#8221;h1&#8243; text_space=&#8221;fontspace-111509&#8243; sub_lead=&#8221;yes&#8221; sub_reduced=&#8221;yes&#8221; text_align=&#8221;text-center&#8221; uncode_shortcode_id=&#8221;106623&#8243;]Log in to place your order[\/vc_custom_heading][vc_custom_heading text_color=&#8221;color-wvjs&#8221; text_size=&#8221;h5&#8243; text_weight=&#8221;500&#8243; uncode_shortcode_id=&#8221;724482&#8243; text_color_type=&#8221;uncode-palette&#8221;]Access our Opportunities Catalog and place your orders easily, quickly, and effectively. Don\u2019t have access yet? Simply register, and you\u2019ll be able to access our wide product selection immediately.[\/vc_custom_heading][\/vc_column][\/vc_row][vc_row row_height_percent=&#8221;0&#8243; override_padding=&#8221;yes&#8221; h_padding=&#8221;2&#8243; top_padding=&#8221;3&#8243; bottom_padding=&#8221;4&#8243; overlay_alpha=&#8221;100&#8243; equal_height=&#8221;yes&#8221; gutter_size=&#8221;100&#8243; column_width_percent=&#8221;100&#8243; shift_y=&#8221;0&#8243; z_index=&#8221;0&#8243; style=&#8221;inherited&#8221; uncode_shortcode_id=&#8221;252879&#8243;][vc_column column_width_percent=&#8221;100&#8243; position_horizontal=&#8221;left&#8221; gutter_size=&#8221;4&#8243; back_color=&#8221;color-lxmt&#8221; overlay_alpha=&#8221;100&#8243; shift_x=&#8221;0&#8243; shift_y=&#8221;0&#8243; shift_y_down=&#8221;0&#8243; z_index=&#8221;0&#8243; medium_width=&#8221;100&#8243; mobile_width=&#8221;0&#8243; radius=&#8221;std&#8221; zoom_width=&#8221;0&#8243; zoom_height=&#8221;0&#8243; width=&#8221;1\/2&#8243; uncode_shortcode_id=&#8221;161670&#8243; back_color_type=&#8221;uncode-palette&#8221;][vc_custom_heading heading_semantic=&#8221;h1&#8243; text_size=&#8221;h1&#8243; text_space=&#8221;fontspace-111509&#8243; sub_lead=&#8221;yes&#8221; sub_reduced=&#8221;yes&#8221; text_align=&#8221;text-center&#8221; uncode_shortcode_id=&#8221;211188&#8243;]Log in[\/vc_custom_heading][vc_column_text css=&#8221;.vc_custom_1730188260857{margin-top: 10px !important;}&#8221; uncode_shortcode_id=&#8221;735638&#8243;]<div class=\"cleanlogin-container\">\n\n\t<form class=\"cleanlogin-form\" method=\"post\" action=\"https:\/\/www.spaincer.com\/en\/private-area\/\">\n\t\t\n\t\t<input type=\"hidden\" name=\"redirect_outlet_module\" value=\"\">\n\n\t\t<fieldset>\n\t\t\t<div class=\"cleanlogin-field\">\n\t\t\t\t<input class=\"cleanlogin-field-username\" type=\"text\" name=\"log\" placeholder=\"Username\">\n\t\t\t<\/div>\n\n\t\t\t<div class=\"cleanlogin-field\">\n\t\t\t\t<input class=\"cleanlogin-field-password\" type=\"password\" name=\"pwd\" placeholder=\"Password\">\n\t\t\t<\/div>\n\t\t<\/fieldset>\n\n\t\t<fieldset>\n\t\t\t<input class=\"cleanlogin-field\" type=\"submit\" value=\"Log in\" name=\"submit\">\n\t\t\t<input type=\"hidden\" name=\"action\" value=\"login\">\n\n\t\t\t<div class=\"cleanlogin-field cleanlogin-field-remember\">\n\t\t\t\t<input type=\"checkbox\" name=\"rememberme\" value=\"forever\">\n\t\t\t\t<label>Remember?<\/label>\n\t\t\t<\/div>\n\t\t<\/fieldset>\n\n\t\t        <input type=\"hidden\" name=\"token\" value=\"\">\n        <div class=\"cleanlogin-form-bottom\">\n\n\t\t\t<a href='https:\/\/www.spaincer.com\/en\/private-area\/' class='cleanlogin-form-pwd-link'>Lost password?<\/a>\n\t\t\t<a href='https:\/\/www.spaincer.com\/en\/private-area\/' class='cleanlogin-form-register-link'>Register<\/a>\n\t\t<\/div>\n\n\t<\/form>\n\n<\/div>\n<p>Lost your password?<\/p>\n<p>\n<!--<div class=\"cleanlogin-container\">\n\t<form class=\"cleanlogin-form\" method=\"post\" action=\"#\">\n\n\t\t<fieldset>\n\t\t\n\t\t\t<div class=\"cleanlogin-field\">\n\t\t\t\t<input class=\"cleanlogin-field-username\" type=\"text\" name=\"username\" value=\"\" placeholder=\"\">\n\t\t\t<\/div>\n\n\t\t\t<div class=\"cleanlogin-field-website\">\n\t\t\t\t<label for='website'>Website<\/label>\n\t    \t\t<input type='text' name='website' value=\".\">\n\t    \t<\/div>\n\t\t\n\t\t<\/fieldset>\n\t\t\n\t\t<div>\t\n\t\t\t<input type=\"submit\" value=\"\" name=\"submit\">\n\t\t\t<input type=\"hidden\" name=\"action\" value=\"restore\">\t\t\n\t\t<\/div>\n\n\t<\/form>\n<\/div>-->\n\n<div class=\"restore_pass\">\n    <div class=\"error hidden\" >\n        El nombre de usuario no es correcto    <\/div>\n    <div class=\"success hidden\" >\n        Recibir\u00e1 un correo electr\u00f3nico con el enlace de activaci\u00f3n    <\/div>\n    <div class=\"cleanlogin-container\">\n        <form id=\"api_reset_password\" class=\"cleanlogin-form\">\n            <input class=\"cleanlogin-field-username\" name=\"username\" type=\"text\" value=\"\" placeholder=\"Usuario (o correo electr\u00f3nico)\" \/>\n            <input class=\"full-width\" name=\"submit\" type=\"submit\" value=\"Recuperar contrase\u00f1a\" \/>\n        <\/form>\n    <\/div>\n<\/div>[\/vc_column_text][\/vc_column][vc_column column_width_percent=&#8221;100&#8243; gutter_size=&#8221;3&#8243; expand_height=&#8221;yes&#8221; back_color=&#8221;color-634821&#8243; overlay_alpha=&#8221;50&#8243; shift_x=&#8221;0&#8243; shift_y=&#8221;0&#8243; shift_y_down=&#8221;0&#8243; z_index=&#8221;0&#8243; medium_width=&#8221;0&#8243; mobile_width=&#8221;0&#8243; radius=&#8221;std&#8221; width=&#8221;1\/2&#8243; uncode_shortcode_id=&#8221;526349&#8243; back_color_type=&#8221;uncode-palette&#8221;][vc_custom_heading heading_semantic=&#8221;h1&#8243; text_size=&#8221;h1&#8243; text_space=&#8221;fontspace-111509&#8243; sub_lead=&#8221;yes&#8221; sub_reduced=&#8221;yes&#8221; text_align=&#8221;text-center&#8221; uncode_shortcode_id=&#8221;350852&#8243;]Register[\/vc_custom_heading][vc_column_text css=&#8221;.vc_custom_1729596535736{margin-top: 10px !important;}&#8221; uncode_shortcode_id=&#8221;136764&#8243;]\n<div class=\"cleanlogin-container cleanlogin-full-width\">\n\t<form class=\"cleanlogin-form\" method=\"post\" action=\"#\">\n\t\t<fieldset>\n\t\t\t\t\t\t\t<div class=\"cleanlogin-field\">\n\t\t\t\t\t<input class=\"cleanlogin-field-name\" type=\"text\" name=\"first_name\" value=\"\" placeholder=\"First name*\">\n\t\t\t\t<\/div>\n\t\t\t\t<div class=\"cleanlogin-field\">\n\t\t\t\t\t<input class=\"cleanlogin-field-surname\" type=\"text\" name=\"last_name\" value=\"\" placeholder=\"Last name*\">\n\t\t\t\t<\/div>\n\t\t\t\t\t\t\n\t\t\t\t\t\t\n\t\t\t<div class=\"cleanlogin-field\">\n\t\t\t\t<input class=\"cleanlogin-field-email\" type=\"email\" name=\"email\" value=\"\" placeholder=\"E-mail*\">\n\t\t\t<\/div>\n\n\t\t\t<div class=\"cleanlogin-field-website\">\n\t\t\t\t<label for='website'>Website<\/label>\n\t\t\t\t<input type='text' name='website' value=\".\">\n\t\t\t<\/div>\n\n\t\t\t<div class=\"cleanlogin-field\">\n\t\t\t\t<input class=\"cleanlogin-field-password\" type=\"password\" name=\"pass1\" value=\"\" autocomplete=\"off\" placeholder=\"New password\">\n\t\t\t<\/div>\n\n\t\t\t\t\t\t\t<div class=\"cleanlogin-field\">\n\t\t\t\t\t<input class=\"cleanlogin-field-password\" type=\"password\" name=\"pass2\" value=\"\" autocomplete=\"off\" placeholder=\"Confirm password\">\n\t\t\t\t<\/div>\n\t\t\t                        \t\t<div class=\"cleanlogin-field\">\n                \t\t<input type=\"text\" class=\"cleanlogin-field-commercial-company\" name=\"company_name\" autocomplete=\"Company\" placeholder=\"Company*\" value=\"\"\/>\n            \t\t<\/div>\n                                            <div class=\"cleanlogin-field\">\n                \t\t<input type=\"text\" class=\"cleanlogin-field-commercial-name\" name=\"commercial_name\" autocomplete=\"Commercial name\" placeholder=\"Commercial Name\" value=\"\"\/>\n            \t\t<\/div>\n                                            <div class=\"cleanlogin-field\">\n                \t\t<input type=\"email\" class=\"cleanlogin-field-commercial-email\" name=\"commercial_email\" autocomplete=\"Commercial email\" placeholder=\"Commercial Email\" value=\"\"\/>\n            \t\t<\/div>\n            \n            \n            \t\t\t\t\t\t\t<script src=\"https:\/\/www.google.com\/recaptcha\/api.js?hl=en\" async defer><\/script>\r\n\t\t\t\t<div class=\"cleanlogin-field\">\n\t\t\t\t\t<div class=\"g-recaptcha\" data-sitekey=\"6LcmrRorAAAAAGpTwYCJJIZf5Ra70lPXb8HXSPH9\"><\/div>\n\t\t\t\t<\/div>\n\t\t\t\t\t\t\t\t\t\t\t\t\t\t<input type=\"text\" name=\"role\" value=\"cliente\" hidden >\n\t\t\t\t\t\t\t\n\t\t\t\t\t\t\t<div class=\"cleanlogin-field\">\n\n                    <label class=\"cleanlogin-terms\">\n                        <input name=\"termsconditions\" type=\"checkbox\" id=\"termsconditions\">\n                       I have read and accept the Privacy Policy                    <\/label>\n\n\n\t\t\t\t<\/div>\n                <div class=\"cleanlogin-field\">\n                    <label class=\"cleanlogin-terms\">\n                        <input name=\"commercial_info\" type=\"checkbox\" id=\"commercial_info\" value=\"true\">\n                        I agree to receive commercial information                    <\/label>\n                <\/div>\n\t\t\t\n\n           <!-- <div class=\"cleanlogin-field\">\n                <input type=\"text\" class=\"cleanlogin-field-commercial-name\" name=\"commercial_name\" autocomplete=\"Commercial name\" placeholder=\"Commercial Name\" value=\"\"\/>\n            <\/div>\n            <div class=\"cleanlogin-field\">\n                <input type=\"email\" class=\"cleanlogin-field-commercial-email\" name=\"commercial_email\" autocomplete=\"Commercial email\" placeholder=\"Commercial Email\" value=\"\"\/>\n            <\/div>-->\n\n\n        <\/fieldset>\n\n\t\t<div>\n\t\t\t<input type=\"submit\" value=\"Register\" name=\"btn-submit\" onclick=\"this.form.submit(); this.disabled = true;\">\n\t\t\t<input type=\"hidden\" name=\"action\" value=\"register\">\n\t\t<\/div>\n\n\t<\/form>\n<\/div>\n[\/vc_column_text][\/vc_column][\/vc_row][vc_row][vc_column width=&#8221;1\/1&#8243;][\/vc_column][\/vc_row]<\/p>\n","protected":false},"excerpt":{"rendered":"<p>[vc_row row_height_percent=&#8221;0&#8243; override_padding=&#8221;yes&#8221; h_padding=&#8221;2&#8243; top_padding=&#8221;2&#8243; bottom_padding=&#8221;1&#8243; overlay_alpha=&#8221;100&#8243; gutter_size=&#8221;100&#8243; column_width_percent=&#8221;100&#8243; shift_y=&#8221;0&#8243; z_index=&#8221;0&#8243; style=&#8221;inherited&#8221; uncode_shortcode_id=&#8221;198527&#8243;][vc_column column_width_percent=&#8221;100&#8243; position_horizontal=&#8221;left&#8221; gutter_size=&#8221;2&#8243; overlay_alpha=&#8221;100&#8243; shift_x=&#8221;0&#8243; shift_y=&#8221;0&#8243; shift_y_down=&#8221;0&#8243; [&hellip;]<\/p>\n","protected":false},"author":1,"featured_media":0,"parent":0,"menu_order":0,"comment_status":"closed","ping_status":"closed","template":"","meta":[],"_links":{"self":[{"href":"https:\/\/www.spaincer.com\/en\/wp-json\/wp\/v2\/pages\/103468"}],"collection":[{"href":"https:\/\/www.spaincer.com\/en\/wp-json\/wp\/v2\/pages"}],"about":[{"href":"https:\/\/www.spaincer.com\/en\/wp-json\/wp\/v2\/types\/page"}],"author":[{"embeddable":true,"href":"https:\/\/www.spaincer.com\/en\/wp-json\/wp\/v2\/users\/1"}],"replies":[{"embeddable":true,"href":"https:\/\/www.spaincer.com\/en\/wp-json\/wp\/v2\/comments?post=103468"}],"version-history":[{"count":6,"href":"https:\/\/www.spaincer.com\/en\/wp-json\/wp\/v2\/pages\/103468\/revisions"}],"predecessor-version":[{"id":143721,"href":"https:\/\/www.spaincer.com\/en\/wp-json\/wp\/v2\/pages\/103468\/revisions\/143721"}],"wp:attachment":[{"href":"https:\/\/www.spaincer.com\/en\/wp-json\/wp\/v2\/media?parent=103468"}],"curies":[{"name":"wp","href":"https:\/\/api.w.org\/{rel}","templated":true}]}}